{"id":44,"date":"2025-02-27T22:24:11","date_gmt":"2025-02-27T21:24:11","guid":{"rendered":"https:\/\/staging.servercow.de\/?page_id=44"},"modified":"2026-01-08T11:31:14","modified_gmt":"2026-01-08T10:31:14","slug":"referenzen","status":"publish","type":"page","link":"https:\/\/servercow.de\/en\/referenzen\/","title":{"rendered":"References"},"content":{"rendered":"<div data-elementor-type=\"wp-page\" data-elementor-id=\"44\" class=\"elementor elementor-44\" data-elementor-settings=\"{&quot;ha_cmc_init_switcher&quot;:&quot;no&quot;}\" data-elementor-post-type=\"page\">\n\t\t\t\t<div class=\"elementor-element elementor-element-1131e62 e-flex e-con-boxed e-con e-parent\" data-id=\"1131e62\" data-element_type=\"container\" data-e-type=\"container\" data-settings=\"{&quot;_ha_eqh_enable&quot;:false}\">\n\t\t\t\t\t<div class=\"e-con-inner\">\n\t\t\t\t<div class=\"elementor-element elementor-element-457f51f elementor-widget elementor-widget-heading\" data-id=\"457f51f\" data-element_type=\"widget\" data-e-type=\"widget\" data-widget_type=\"heading.default\">\n\t\t\t\t<div class=\"elementor-widget-container\">\n\t\t\t\t\t<h2 class=\"elementor-heading-title elementor-size-default\">Some of our references<\/h2>\t\t\t\t<\/div>\n\t\t\t\t<\/div>\n\t\t\t\t<div class=\"elementor-element elementor-element-8cab39f elementor-widget elementor-widget-text-editor\" data-id=\"8cab39f\" data-element_type=\"widget\" data-e-type=\"widget\" data-widget_type=\"text-editor.default\">\n\t\t\t\t<div class=\"elementor-widget-container\">\n\t\t\t\t\t\t\t\t\t<p class=\"translation-block\">Discover customers who are already bringing their projects to life with us.<br><b>Thank you very much for your trust!<\/b><\/p>\t\t\t\t\t\t\t\t<\/div>\n\t\t\t\t<\/div>\n\t\t\t\t<div class=\"elementor-element elementor-element-cd44a2f elementor-position-left elementor-vertical-align-middle elementor-widget elementor-widget-image-box\" data-id=\"cd44a2f\" data-element_type=\"widget\" data-e-type=\"widget\" data-widget_type=\"image-box.default\">\n\t\t\t\t<div class=\"elementor-widget-container\">\n\t\t\t\t\t<div class=\"elementor-image-box-wrapper\"><figure class=\"elementor-image-box-img\"><a href=\"#\" tabindex=\"-1\"><img decoding=\"async\" width=\"300\" height=\"158\" src=\"https:\/\/servercow.de\/wp-content\/uploads\/2025\/04\/Zentrum-fuer-Physiotherapie.png\" class=\"attachment-full size-full wp-image-1647\" alt=\"Zentrum f\u00fcr Physiotherapie der Goehte-Universit\u00e4t\" \/><\/a><\/figure><div class=\"elementor-image-box-content\"><p class=\"elementor-image-box-description\">Since 1999, the Center for Psychotherapy (Behavioral Therapy Outpatient Clinic) at Goethe University Frankfurt, Germany has been offering psychotherapeutic treatments. Establishing an outpatient clinic at the university makes it possible to provide behavioral therapy in line with the latest developments in scientific psychotherapy research. Careful diagnostics, intensive supervision, and thorough staff training ensure a high standard of treatment quality.   <\/p><\/div><\/div>\t\t\t\t<\/div>\n\t\t\t\t<\/div>\n\t\t\t\t<div class=\"elementor-element elementor-element-ce9aaf0 elementor-position-left elementor-vertical-align-middle elementor-widget elementor-widget-image-box\" data-id=\"ce9aaf0\" data-element_type=\"widget\" data-e-type=\"widget\" data-widget_type=\"image-box.default\">\n\t\t\t\t<div class=\"elementor-widget-container\">\n\t\t\t\t\t<div class=\"elementor-image-box-wrapper\"><figure class=\"elementor-image-box-img\"><a href=\"#\" tabindex=\"-1\"><img decoding=\"async\" width=\"500\" height=\"91\" src=\"https:\/\/servercow.de\/wp-content\/uploads\/2025\/04\/Digimaps-Chile.png\" class=\"attachment-full size-full wp-image-1648\" alt=\"Digimaps Chile\" srcset=\"https:\/\/servercow.de\/wp-content\/uploads\/2025\/04\/Digimaps-Chile.png 500w, https:\/\/servercow.de\/wp-content\/uploads\/2025\/04\/Digimaps-Chile-300x55.png 300w\" sizes=\"(max-width: 500px) 100vw, 500px\" \/><\/a><\/figure><div class=\"elementor-image-box-content\"><p class=\"elementor-image-box-description\">Digimapas Chile is a company with more than 13 years of experience in the area of aerial photogrammetry and geodesy, being a pioneer in Lidar system projects in Chile and, to date, has carried out surveys in more than 14 million hectares.<\/p><\/div><\/div>\t\t\t\t<\/div>\n\t\t\t\t<\/div>\n\t\t\t\t<div class=\"elementor-element elementor-element-2951948 elementor-position-left elementor-vertical-align-middle elementor-widget elementor-widget-image-box\" data-id=\"2951948\" data-element_type=\"widget\" data-e-type=\"widget\" data-widget_type=\"image-box.default\">\n\t\t\t\t<div class=\"elementor-widget-container\">\n\t\t\t\t\t<div class=\"elementor-image-box-wrapper\"><figure class=\"elementor-image-box-img\"><a href=\"#\" tabindex=\"-1\"><img fetchpriority=\"high\" decoding=\"async\" width=\"703\" height=\"103\" src=\"https:\/\/servercow.de\/wp-content\/uploads\/2025\/04\/ischler-institut.png\" class=\"attachment-full size-full wp-image-1686\" alt=\"Ischler Institut\" srcset=\"https:\/\/servercow.de\/wp-content\/uploads\/2025\/04\/ischler-institut.png 703w, https:\/\/servercow.de\/wp-content\/uploads\/2025\/04\/ischler-institut-300x44.png 300w\" sizes=\"(max-width: 703px) 100vw, 703px\" \/><\/a><\/figure><div class=\"elementor-image-box-content\"><p class=\"elementor-image-box-description\">Seit 1993 produzieren wir digitale Lernprogramme, Videos und Animationen zu medizinischen und technischen Themen. Das interaktive Lernen auf dem Bildschirm, mittels CD-ROM oder webbasiert, gibt vielen Trainees die M\u00f6glichkeit, komplexe Themen richtig zu verstehen. Und es kann nicht nur mit Bildern und Texten, sondern auch mit Sound, Videos und kleinen Animationen gearbeitet werden. Die Interaktion mit den Inhalten f\u00f6rdert die Behaltens Quote. <\/p><\/div><\/div>\t\t\t\t<\/div>\n\t\t\t\t<\/div>\n\t\t\t\t<div class=\"elementor-element elementor-element-a234b10 elementor-position-left elementor-vertical-align-middle elementor-widget elementor-widget-image-box\" data-id=\"a234b10\" data-element_type=\"widget\" data-e-type=\"widget\" data-widget_type=\"image-box.default\">\n\t\t\t\t<div class=\"elementor-widget-container\">\n\t\t\t\t\t<div class=\"elementor-image-box-wrapper\"><figure class=\"elementor-image-box-img\"><a href=\"#\" tabindex=\"-1\"><img loading=\"lazy\" decoding=\"async\" width=\"600\" height=\"341\" src=\"https:\/\/servercow.de\/wp-content\/uploads\/2025\/11\/cogap-logo-inverted.webp\" class=\"attachment-full size-full wp-image-2994\" alt=\"\" srcset=\"https:\/\/servercow.de\/wp-content\/uploads\/2025\/11\/cogap-logo-inverted.webp 600w, https:\/\/servercow.de\/wp-content\/uploads\/2025\/11\/cogap-logo-inverted-300x171.webp 300w, https:\/\/servercow.de\/wp-content\/uploads\/2025\/11\/cogap-logo-inverted-18x10.webp 18w\" sizes=\"(max-width: 600px) 100vw, 600px\" \/><\/a><\/figure><div class=\"elementor-image-box-content\"><p class=\"elementor-image-box-description\">Every person processes food differently. That\u2019s why there\u2019s no universal formula for losing weight! This can also be due to an individual\u2019s unique genetic makeup. Over the course of evolution, humans have constantly had to adapt to new living conditions. However, this process didn\u2019t occur the same way for everyone, which led to the development of different genetic metabolism types. We have defined these as so-called Meta-Types.  <\/p><\/div><\/div>\t\t\t\t<\/div>\n\t\t\t\t<\/div>\n\t\t\t\t<div class=\"elementor-element elementor-element-b9a47ea elementor-position-left elementor-vertical-align-middle elementor-hidden-desktop elementor-hidden-tablet elementor-hidden-mobile elementor-widget elementor-widget-image-box\" data-id=\"b9a47ea\" data-element_type=\"widget\" data-e-type=\"widget\" data-widget_type=\"image-box.default\">\n\t\t\t\t<div class=\"elementor-widget-container\">\n\t\t\t\t\t<div class=\"elementor-image-box-wrapper\"><figure class=\"elementor-image-box-img\"><a href=\"#\" tabindex=\"-1\"><img loading=\"lazy\" decoding=\"async\" width=\"412\" height=\"73\" src=\"https:\/\/servercow.de\/wp-content\/uploads\/2025\/04\/the_cluster_company.png\" class=\"attachment-full size-full wp-image-1692\" alt=\"The Cluster Company\" srcset=\"https:\/\/servercow.de\/wp-content\/uploads\/2025\/04\/the_cluster_company.png 412w, https:\/\/servercow.de\/wp-content\/uploads\/2025\/04\/the_cluster_company-300x53.png 300w\" sizes=\"(max-width: 412px) 100vw, 412px\" \/><\/a><\/figure><div class=\"elementor-image-box-content\"><p class=\"elementor-image-box-description\">We develop and implement highly available and continuously operational critical transaction systems based on standard hardware with outstanding performance. One of our core competencies is the migration of legacy systems to HP NonStop platforms.   <\/p><\/div><\/div>\t\t\t\t<\/div>\n\t\t\t\t<\/div>\n\t\t\t\t<div class=\"elementor-element elementor-element-f26368e elementor-position-left elementor-vertical-align-middle elementor-widget elementor-widget-image-box\" data-id=\"f26368e\" data-element_type=\"widget\" data-e-type=\"widget\" data-widget_type=\"image-box.default\">\n\t\t\t\t<div class=\"elementor-widget-container\">\n\t\t\t\t\t<div class=\"elementor-image-box-wrapper\"><figure class=\"elementor-image-box-img\"><a href=\"#\" tabindex=\"-1\"><img loading=\"lazy\" decoding=\"async\" width=\"398\" height=\"87\" src=\"https:\/\/servercow.de\/wp-content\/uploads\/2025\/04\/fischer_analytics.png\" class=\"attachment-full size-full wp-image-1693\" alt=\"Fischer Analytics\" srcset=\"https:\/\/servercow.de\/wp-content\/uploads\/2025\/04\/fischer_analytics.png 398w, https:\/\/servercow.de\/wp-content\/uploads\/2025\/04\/fischer_analytics-300x66.png 300w\" sizes=\"(max-width: 398px) 100vw, 398px\" \/><\/a><\/figure><div class=\"elementor-image-box-content\"><p class=\"elementor-image-box-description\">Free from corporate directives and global strategies, and committed solely to our customers, we provide support in all matters of analytics \u2013 especially in chromatography and mass spectrometry. In the future, we will continue to expand our commitment in these areas and bring new innovations to market through our own products.\n\nOur application laboratory is always equipped with high-quality HPLC systems and tandem mass spectrometers ready for demonstration (e.g., WATERS SQD, TOF-MS, Thermo TSQ-Quantum).   <\/p><\/div><\/div>\t\t\t\t<\/div>\n\t\t\t\t<\/div>\n\t\t\t\t<div class=\"elementor-element elementor-element-94c98b7 elementor-position-left elementor-vertical-align-middle elementor-widget elementor-widget-image-box\" data-id=\"94c98b7\" data-element_type=\"widget\" data-e-type=\"widget\" data-widget_type=\"image-box.default\">\n\t\t\t\t<div class=\"elementor-widget-container\">\n\t\t\t\t\t<div class=\"elementor-image-box-wrapper\"><figure class=\"elementor-image-box-img\"><a href=\"#\" tabindex=\"-1\"><img loading=\"lazy\" decoding=\"async\" width=\"220\" height=\"70\" src=\"https:\/\/servercow.de\/wp-content\/uploads\/2025\/04\/foerderverein_schorndorf.png\" class=\"attachment-full size-full wp-image-1695\" alt=\"F\u00f6rderverein der Grafenbergschule Schorndorf\" \/><\/a><\/figure><div class=\"elementor-image-box-content\"><p class=\"elementor-image-box-description\">The Friends of Grafenberg School Schorndorf is a non-profit association. Its goal is to support the school in its educational and teaching efforts, as well as to promote vocational training. Membership fees and participation charges for training and continuing education courses fund the association\u2019s activities.   <\/p><\/div><\/div>\t\t\t\t<\/div>\n\t\t\t\t<\/div>\n\t\t\t\t<div class=\"elementor-element elementor-element-e286a85 elementor-position-left elementor-vertical-align-middle elementor-widget elementor-widget-image-box\" data-id=\"e286a85\" data-element_type=\"widget\" data-e-type=\"widget\" data-widget_type=\"image-box.default\">\n\t\t\t\t<div class=\"elementor-widget-container\">\n\t\t\t\t\t<div class=\"elementor-image-box-wrapper\"><figure class=\"elementor-image-box-img\"><a href=\"#\" tabindex=\"-1\"><img loading=\"lazy\" decoding=\"async\" width=\"187\" height=\"43\" src=\"https:\/\/servercow.de\/wp-content\/uploads\/2025\/04\/GB_akademie.gif\" class=\"attachment-full size-full wp-image-1699\" alt=\"G+B Akademie\" \/><\/a><\/figure><div class=\"elementor-image-box-content\"><p class=\"elementor-image-box-description\">The competence center for your professional development in the event industry. Founded in 2006, the G+B Academy combines the expertise and media competence of the GAHRENS + BATTERMANN Group with the advantages of its Cologne location.   <\/p><\/div><\/div>\t\t\t\t<\/div>\n\t\t\t\t<\/div>\n\t\t\t\t<div class=\"elementor-element elementor-element-74007e1 elementor-position-left elementor-vertical-align-middle elementor-widget elementor-widget-image-box\" data-id=\"74007e1\" data-element_type=\"widget\" data-e-type=\"widget\" data-widget_type=\"image-box.default\">\n\t\t\t\t<div class=\"elementor-widget-container\">\n\t\t\t\t\t<div class=\"elementor-image-box-wrapper\"><figure class=\"elementor-image-box-img\"><a href=\"#\" tabindex=\"-1\"><img loading=\"lazy\" decoding=\"async\" width=\"707\" height=\"236\" src=\"https:\/\/servercow.de\/wp-content\/uploads\/2025\/04\/v3_partei.png\" class=\"attachment-full size-full wp-image-1700\" alt=\"v3 Partei\" srcset=\"https:\/\/servercow.de\/wp-content\/uploads\/2025\/04\/v3_partei.png 707w, https:\/\/servercow.de\/wp-content\/uploads\/2025\/04\/v3_partei-300x100.png 300w\" sizes=\"(max-width: 707px) 100vw, 707px\" \/><\/a><\/figure><div class=\"elementor-image-box-content\"><p class=\"elementor-image-box-description\">The V\u00b3 symbolizes the thematic diversity of the party, which cannot be limited to a single issue. \u201cWe love life\u201d is the motto, and the party\u2019s content is holistically aligned with this guiding principle. As a party, we take the state\u2019s mandate for public opinion formation seriously and examine the causes and effects of many human-made problems. With our platform, we offer a political home to all those who miss essential value-based content in other parties \u2013 content that we, as an independent, non-lobby party, address clearly and directly.   <\/p><\/div><\/div>\t\t\t\t<\/div>\n\t\t\t\t<\/div>\n\t\t\t\t<div class=\"elementor-element elementor-element-f698b43 elementor-position-left elementor-vertical-align-middle elementor-widget elementor-widget-image-box\" data-id=\"f698b43\" data-element_type=\"widget\" data-e-type=\"widget\" data-widget_type=\"image-box.default\">\n\t\t\t\t<div class=\"elementor-widget-container\">\n\t\t\t\t\t<div class=\"elementor-image-box-wrapper\"><figure class=\"elementor-image-box-img\"><a href=\"#\" tabindex=\"-1\"><img loading=\"lazy\" decoding=\"async\" width=\"388\" height=\"144\" src=\"https:\/\/servercow.de\/wp-content\/uploads\/2025\/04\/consolinno_energy.png\" class=\"attachment-full size-full wp-image-1702\" alt=\"Consolinno Energy\" srcset=\"https:\/\/servercow.de\/wp-content\/uploads\/2025\/04\/consolinno_energy.png 388w, https:\/\/servercow.de\/wp-content\/uploads\/2025\/04\/consolinno_energy-300x111.png 300w\" sizes=\"(max-width: 388px) 100vw, 388px\" \/><\/a><\/figure><div class=\"elementor-image-box-content\"><p class=\"elementor-image-box-description\">Consolinno is a young, fast-growing company that has been developing innovative solutions for the energy transition in Regensburg since 2017. The team consists of experts in the fields of energy supply, technology development, software engineering, artificial intelligence, algorithms, and the energy industry. Consolinno has its own hardware technology, as well as an open-source energy management system and software solutions for the energy and grid sectors. <\/p><\/div><\/div>\t\t\t\t<\/div>\n\t\t\t\t<\/div>\n\t\t\t\t<div class=\"elementor-element elementor-element-1fa120c elementor-position-left elementor-vertical-align-middle elementor-widget elementor-widget-image-box\" data-id=\"1fa120c\" data-element_type=\"widget\" data-e-type=\"widget\" data-widget_type=\"image-box.default\">\n\t\t\t\t<div class=\"elementor-widget-container\">\n\t\t\t\t\t<div class=\"elementor-image-box-wrapper\"><figure class=\"elementor-image-box-img\"><a href=\"#\" tabindex=\"-1\"><img loading=\"lazy\" decoding=\"async\" width=\"172\" height=\"87\" src=\"https:\/\/servercow.de\/wp-content\/uploads\/2025\/04\/next_layer.png\" class=\"attachment-full size-full wp-image-1703\" alt=\"next layer\" \/><\/a><\/figure><div class=\"elementor-image-box-content\"><p class=\"elementor-image-box-description\">next layer, an owner-managed Austrian internet service provider, designs and operates perfectly tailored network and server infrastructure solutions for business customers. We respond personally and flexibly to your needs and expectations, incorporating them directly into the planning process. Our highly qualified technicians are available to you as direct contacts.   <\/p><\/div><\/div>\t\t\t\t<\/div>\n\t\t\t\t<\/div>\n\t\t\t\t<div class=\"elementor-element elementor-element-db592aa elementor-position-left elementor-vertical-align-middle elementor-widget elementor-widget-image-box\" data-id=\"db592aa\" data-element_type=\"widget\" data-e-type=\"widget\" data-widget_type=\"image-box.default\">\n\t\t\t\t<div class=\"elementor-widget-container\">\n\t\t\t\t\t<div class=\"elementor-image-box-wrapper\"><figure class=\"elementor-image-box-img\"><a href=\"https:\/\/macon.de\" tabindex=\"-1\"><img loading=\"lazy\" decoding=\"async\" width=\"1140\" height=\"301\" src=\"https:\/\/servercow.de\/wp-content\/uploads\/2025\/11\/image.webp\" class=\"attachment-full size-full wp-image-2990\" alt=\"\" srcset=\"https:\/\/servercow.de\/wp-content\/uploads\/2025\/11\/image.webp 1140w, https:\/\/servercow.de\/wp-content\/uploads\/2025\/11\/image-300x79.webp 300w, https:\/\/servercow.de\/wp-content\/uploads\/2025\/11\/image-1024x270.webp 1024w, https:\/\/servercow.de\/wp-content\/uploads\/2025\/11\/image-768x203.webp 768w, https:\/\/servercow.de\/wp-content\/uploads\/2025\/11\/image-18x5.webp 18w\" sizes=\"(max-width: 1140px) 100vw, 1140px\" \/><\/a><\/figure><div class=\"elementor-image-box-content\"><p class=\"elementor-image-box-description\">macOn is known as a competent partner for Apple IT support in Berlin and the surrounding area \u2013 with solid expertise in client and server systems as well as modern device management solutions. As a long-standing partner, Servercow provides reliable hosting and infrastructure services for macOn\u2019s clients, allowing macOn to focus entirely on its core competencies.<\/p><\/div><\/div>\t\t\t\t<\/div>\n\t\t\t\t<\/div>\n\t\t\t\t<div class=\"elementor-element elementor-element-cb70ce7 elementor-position-left elementor-vertical-align-middle elementor-widget elementor-widget-image-box\" data-id=\"cb70ce7\" data-element_type=\"widget\" data-e-type=\"widget\" data-widget_type=\"image-box.default\">\n\t\t\t\t<div class=\"elementor-widget-container\">\n\t\t\t\t\t<div class=\"elementor-image-box-wrapper\"><figure class=\"elementor-image-box-img\"><a href=\"https:\/\/musswessels.com\/\" tabindex=\"-1\"><img loading=\"lazy\" decoding=\"async\" width=\"708\" height=\"537\" src=\"https:\/\/servercow.de\/wp-content\/uploads\/2025\/11\/Musswessels_Logo_freigestellt_2025.png\" class=\"attachment-full size-full wp-image-4127\" alt=\"\" srcset=\"https:\/\/servercow.de\/wp-content\/uploads\/2025\/11\/Musswessels_Logo_freigestellt_2025.png 708w, https:\/\/servercow.de\/wp-content\/uploads\/2025\/11\/Musswessels_Logo_freigestellt_2025-300x228.png 300w, https:\/\/servercow.de\/wp-content\/uploads\/2025\/11\/Musswessels_Logo_freigestellt_2025-16x12.png 16w\" sizes=\"(max-width: 708px) 100vw, 708px\" \/><\/a><\/figure><div class=\"elementor-image-box-content\"><p class=\"elementor-image-box-description\">The bakery and confectionery Musswessels is a family-run company with a long tradition, which has stood for artisanal quality since 1868. In the fourth generation, we combine genuine bakery craftsmanship with modern production at our site in Rhede (Ems). More than 550 employees ensure every day that our customers receive fresh, high-quality baked goods in over 60 specialty shops. Sustainability, regional raw materials, and consistent quality assurance shape our daily work, just as much as the passion of our team. This is how we create baked goods that combine tradition, modernity, and responsibility.<\/p><\/div><\/div>\t\t\t\t<\/div>\n\t\t\t\t<\/div>\n\t\t\t\t<div class=\"elementor-element elementor-element-bf9c6aa elementor-position-left elementor-vertical-align-middle elementor-position-left elementor-vertical-align-middle elementor-widget elementor-widget-image-box\" data-id=\"bf9c6aa\" data-element_type=\"widget\" data-e-type=\"widget\" data-widget_type=\"image-box.default\">\n\t\t\t\t<div class=\"elementor-widget-container\">\n\t\t\t\t\t<div class=\"elementor-image-box-wrapper\"><figure class=\"elementor-image-box-img\"><a href=\"https:\/\/www.hss-gotha.de\/\" tabindex=\"-1\"><img loading=\"lazy\" decoding=\"async\" width=\"3000\" height=\"827\" src=\"https:\/\/servercow.de\/wp-content\/uploads\/2025\/11\/logo.svg\" class=\"attachment-full size-full wp-image-4146\" alt=\"\" \/><\/a><\/figure><div class=\"elementor-image-box-content\"><p class=\"elementor-image-box-description\">The company Hard- und Software Service in Gotha was founded in February 2001. Since then, we have stood for high product standards, quality-focused consulting, fair pricing, and exceptional service.\nOur services provide reliability when planning networks, purchasing and maintaining computers and active network components, as well as setting up printers.\nExpertise in web and email hosting, along with a wide range of additional services, complements our standard products and completes our portfolio as a systems house.\nWith many years of experience and strong technical expertise, we ensure dependable support, consulting, and assistance with IT issues.<\/p><\/div><\/div>\t\t\t\t<\/div>\n\t\t\t\t<\/div>\n\t\t\t\t\t<\/div>\n\t\t\t\t<\/div>\n\t\t\t\t<\/div>","protected":false},"excerpt":{"rendered":"<p>Einige unserer Referenzen Entdecke Kunden, die ihre Projekte bereits mit uns realisieren.Vielen Dank f\u00fcr das Vertrauen! Seit 1999 werden im Zentrum f\u00fcr Psychotherapie (Verhaltenstherapie-Ambulanz) der Goethe-Universit\u00e4t Frankfurt psychotherapeutische Behandlungen angeboten. Die Einrichtung einer Ambulanz an der Universit\u00e4t erm\u00f6glicht es, die verhaltenstherapeutische Behandlung entsprechend dem neusten Stand der wissenschaftlichen Psychotherapie-Forschung anzubieten. Sorgf\u00e4ltige Diagnostik und intensive Supervision [&hellip;]<\/p>\n","protected":false},"author":2,"featured_media":0,"parent":0,"menu_order":80,"comment_status":"closed","ping_status":"closed","template":"","meta":{"_acf_changed":false,"footnotes":""},"class_list":["post-44","page","type-page","status-publish","hentry"],"acf":[],"_links":{"self":[{"href":"https:\/\/servercow.de\/en\/wp-json\/wp\/v2\/pages\/44","targetHints":{"allow":["GET"]}}],"collection":[{"href":"https:\/\/servercow.de\/en\/wp-json\/wp\/v2\/pages"}],"about":[{"href":"https:\/\/servercow.de\/en\/wp-json\/wp\/v2\/types\/page"}],"author":[{"embeddable":true,"href":"https:\/\/servercow.de\/en\/wp-json\/wp\/v2\/users\/2"}],"replies":[{"embeddable":true,"href":"https:\/\/servercow.de\/en\/wp-json\/wp\/v2\/comments?post=44"}],"version-history":[{"count":100,"href":"https:\/\/servercow.de\/en\/wp-json\/wp\/v2\/pages\/44\/revisions"}],"predecessor-version":[{"id":4395,"href":"https:\/\/servercow.de\/en\/wp-json\/wp\/v2\/pages\/44\/revisions\/4395"}],"wp:attachment":[{"href":"https:\/\/servercow.de\/en\/wp-json\/wp\/v2\/media?parent=44"}],"curies":[{"name":"wp","href":"https:\/\/api.w.org\/{rel}","templated":true}]}}